{"id":2100,"date":"2025-08-22T17:58:56","date_gmt":"2025-08-22T17:58:56","guid":{"rendered":"https:\/\/www.lyfe.com\/terminos-y-condiciones\/"},"modified":"2025-10-20T05:37:31","modified_gmt":"2025-10-20T05:37:31","slug":"terminos-y-condiciones","status":"publish","type":"page","link":"https:\/\/www.lyfe.com\/es\/terminos-y-condiciones\/","title":{"rendered":"T\u00e9rminos y condiciones"},"content":{"rendered":"\t\t<div data-elementor-type=\"wp-page\" data-elementor-id=\"2100\" class=\"elementor elementor-2100 elementor-1611\" data-elementor-post-type=\"page\">\n\t\t\t\t<div class=\"elementor-element elementor-element-301dcc67 e-flex e-con-boxed e-con e-parent\" data-id=\"301dcc67\" data-element_type=\"container\" data-e-type=\"container\" data-settings=\"{&quot;background_background&quot;:&quot;gradient&quot;}\">\n\t\t\t\t\t<div class=\"e-con-inner\">\n\t\t\t\t<div class=\"elementor-element elementor-element-c4dd900 elementor-widget elementor-widget-heading\" data-id=\"c4dd900\" data-element_type=\"widget\" data-e-type=\"widget\" data-widget_type=\"heading.default\">\n\t\t\t\t<div class=\"elementor-widget-container\">\n\t\t\t\t\t<h1 class=\"elementor-heading-title elementor-size-default\">T\u00e9rminos y condiciones<\/h1>\t\t\t\t<\/div>\n\t\t\t\t<\/div>\n\t\t\t\t\t<\/div>\n\t\t\t\t<\/div>\n\t\t<div class=\"elementor-element elementor-element-122558d7 e-flex e-con-boxed e-con e-parent\" data-id=\"122558d7\" data-element_type=\"container\" data-e-type=\"container\">\n\t\t\t\t\t<div class=\"e-con-inner\">\n\t\t\t\t<div class=\"elementor-element elementor-element-3854df5d elementor-widget elementor-widget-text-editor\" data-id=\"3854df5d\" data-element_type=\"widget\" data-e-type=\"widget\" data-widget_type=\"text-editor.default\">\n\t\t\t\t<div class=\"elementor-widget-container\">\n\t\t\t\t\t\t\t\t\t<div class=\"elementor-element elementor-element-6e82ccc elementor-widget elementor-widget-text-editor\" data-id=\"6e82ccc\" data-element_type=\"widget\" data-widget_type=\"text-editor.default\"><div class=\"elementor-widget-container\"><h2><strong>T\u00e9rminos y condiciones para comunicaciones por SMS y correo electr\u00f3nico<\/strong><\/h2><h3>Consentir<\/h3><p>Al proporcionar su n\u00famero de tel\u00e9fono o direcci\u00f3n de correo electr\u00f3nico, usted acepta recibir comunicaciones de Lyfe Law \/ Abogados de Vida, incluyendo actualizaciones de casos, recordatorios y mensajes promocionales. El consentimiento para recibir mensajes no es condici\u00f3n para contratar a nuestra firma ni para recibir servicios legales.<\/p><h3>Frequency<\/h3><p>La frecuencia de los mensajes puede variar seg\u00fan el estado de su caso, sus citas y su compromiso con nuestra firma.<\/p><h3>Honorarios<\/h3><p>Pueden aplicarse tarifas est\u00e1ndar de mensajes y datos. Para m\u00e1s informaci\u00f3n, consulte con su operador de telefon\u00eda m\u00f3vil.<\/p><h3>Exclusi\u00f3n voluntaria<\/h3><p><strong>Mensaje de texto:<\/strong> Puedes optar por no recibir mensajes de texto en cualquier momento respondiendo STOP a cualquier mensaje.<\/p><p><strong>Correo electr\u00f3nico:<\/strong> Puede cancelar su suscripci\u00f3n haciendo clic en el enlace \u201cCancelar suscripci\u00f3n\u201d en la parte inferior de nuestros correos electr\u00f3nicos.<\/p><h3>Apoyo<\/h3><p><strong>Mensaje de texto:<\/strong> Responda AYUDA en cualquier momento para recibir asistencia.<\/p><p><strong>Correo electr\u00f3nico:<\/strong> Cont\u00e1ctenos en info@lyfe.com o llame al 1-800-LYFE-LAW.<\/p><h3>Privacidad<\/h3><p>Respetamos su privacidad. Su informaci\u00f3n solo se utilizar\u00e1 para comunicarnos con usted sobre su caso o nuestros servicios. No venderemos ni compartiremos su informaci\u00f3n con terceros sin su consentimiento, salvo que lo exija la ley. Consulte nuestra<a href=\"https:\/\/www.lyfe.com\/es\/politica-de-privacidad\/\"> Pol\u00edtica de Privacidad <\/a>completa en www.lyfe.com.<\/p><h3>Descargo de responsabilidad<\/h3><p>Lyfe Law \/ Abogados de Vida no es responsable por retrasos o fallas en la entrega de mensajes causados \u200b\u200bpor su operador m\u00f3vil o proveedor de correo electr\u00f3nico.<\/p><p>Es posible que las comunicaciones por SMS y correo electr\u00f3nico no est\u00e9n cifradas y terceros puedan acceder a ellas.<\/p><h3>Cambios<\/h3><p>Nos reservamos el derecho de actualizar estos T\u00e9rminos y Condiciones en cualquier momento. Las actualizaciones se publicar\u00e1n en www.lyfe.com<\/p><\/div><\/div><div class=\"elementor-element elementor-element-4e33a85 e-con-full e-flex e-con e-child\" data-id=\"4e33a85\" data-element_type=\"container\"><div class=\"elementor-element elementor-element-93f4303 elementor-widget elementor-widget-text-editor\" data-id=\"93f4303\" data-element_type=\"widget\" data-widget_type=\"text-editor.default\"><div class=\"elementor-widget-container\">\u00a0<\/div><\/div><\/div>\t\t\t\t\t\t\t\t<\/div>\n\t\t\t\t<\/div>\n\t\t\t\t\t<\/div>\n\t\t\t\t<\/div>\n\t\t\t\t<\/div>\n\t\t","protected":false},"excerpt":{"rendered":"<p>T\u00e9rminos y condiciones T\u00e9rminos y condiciones para comunicaciones por SMS y correo electr\u00f3nico Consentir Al proporcionar su n\u00famero de tel\u00e9fono o direcci\u00f3n de correo electr\u00f3nico, usted acepta recibir comunicaciones de Lyfe Law \/ Abogados de Vida, incluyendo actualizaciones de casos, recordatorios y mensajes promocionales. El consentimiento para recibir mensajes no es condici\u00f3n para contratar a [&hellip;]<\/p>\n","protected":false},"author":1,"featured_media":0,"parent":0,"menu_order":0,"comment_status":"closed","ping_status":"closed","template":"elementor_header_footer","meta":{"footnotes":""},"class_list":["post-2100","page","type-page","status-publish","hentry"],"_links":{"self":[{"href":"https:\/\/www.lyfe.com\/es\/wp-json\/wp\/v2\/pages\/2100","targetHints":{"allow":["GET"]}}],"collection":[{"href":"https:\/\/www.lyfe.com\/es\/wp-json\/wp\/v2\/pages"}],"about":[{"href":"https:\/\/www.lyfe.com\/es\/wp-json\/wp\/v2\/types\/page"}],"author":[{"embeddable":true,"href":"https:\/\/www.lyfe.com\/es\/wp-json\/wp\/v2\/users\/1"}],"replies":[{"embeddable":true,"href":"https:\/\/www.lyfe.com\/es\/wp-json\/wp\/v2\/comments?post=2100"}],"version-history":[{"count":0,"href":"https:\/\/www.lyfe.com\/es\/wp-json\/wp\/v2\/pages\/2100\/revisions"}],"wp:attachment":[{"href":"https:\/\/www.lyfe.com\/es\/wp-json\/wp\/v2\/media?parent=2100"}],"curies":[{"name":"wp","href":"https:\/\/api.w.org\/{rel}","templated":true}]}}