{"id":2086,"date":"2025-06-30T07:30:15","date_gmt":"2025-06-30T07:30:15","guid":{"rendered":"https:\/\/www.lyfe.com\/abogado-asociado-de-lesiones-personales\/"},"modified":"2025-10-17T10:19:39","modified_gmt":"2025-10-17T10:19:39","slug":"abogado-asociado-de-lesiones-personales","status":"publish","type":"page","link":"https:\/\/www.lyfe.com\/es\/abogado-asociado-de-lesiones-personales\/","title":{"rendered":"Abogado asociado de lesiones personales"},"content":{"rendered":"\t\t<div data-elementor-type=\"wp-page\" data-elementor-id=\"2086\" class=\"elementor elementor-2086 elementor-1528\" data-elementor-post-type=\"page\">\n\t\t\t\t<div class=\"elementor-element elementor-element-7887999 e-flex e-con-boxed e-con e-parent\" data-id=\"7887999\" data-element_type=\"container\" data-e-type=\"container\" data-settings=\"{&quot;background_background&quot;:&quot;classic&quot;}\">\n\t\t\t\t\t<div class=\"e-con-inner\">\n\t\t\t\t<div class=\"elementor-element elementor-element-1f500df4 elementor-widget elementor-widget-heading\" data-id=\"1f500df4\" data-element_type=\"widget\" data-e-type=\"widget\" data-widget_type=\"heading.default\">\n\t\t\t\t<div class=\"elementor-widget-container\">\n\t\t\t\t\t<h1 class=\"elementor-heading-title elementor-size-default\">Abogado asociado de lesiones personales<\/h1>\t\t\t\t<\/div>\n\t\t\t\t<\/div>\n\t\t\t\t<div class=\"elementor-element elementor-element-1df77eba elementor-widget elementor-widget-text-editor\" data-id=\"1df77eba\" data-element_type=\"widget\" data-e-type=\"widget\" data-widget_type=\"text-editor.default\">\n\t\t\t\t<div class=\"elementor-widget-container\">\n\t\t\t\t\t\t\t\t\t<p><span style=\"font-weight: 400;\">Buscamos un abogado asociado dedicado para unirse a nuestro equipo legal. El candidato ideal tendr\u00e1 una s\u00f3lida formaci\u00f3n en diversas \u00e1reas del derecho y excelentes habilidades de investigaci\u00f3n, redacci\u00f3n y negociaci\u00f3n. <\/span><\/p>\t\t\t\t\t\t\t\t<\/div>\n\t\t\t\t<\/div>\n\t\t\t\t\t<\/div>\n\t\t\t\t<\/div>\n\t\t<div class=\"elementor-element elementor-element-40fcdc42 e-flex e-con-boxed e-con e-parent\" data-id=\"40fcdc42\" data-element_type=\"container\" data-e-type=\"container\" data-settings=\"{&quot;background_background&quot;:&quot;classic&quot;}\">\n\t\t\t\t\t<div class=\"e-con-inner\">\n\t\t<div class=\"elementor-element elementor-element-554c4e9 e-con-full e-flex e-con e-child\" data-id=\"554c4e9\" data-element_type=\"container\" data-e-type=\"container\">\n\t\t\t\t<div class=\"elementor-element elementor-element-25d08a98 elementor-icon-list--layout-inline elementor-list-item-link-full_width elementor-widget elementor-widget-icon-list\" data-id=\"25d08a98\" data-element_type=\"widget\" data-e-type=\"widget\" data-widget_type=\"icon-list.default\">\n\t\t\t\t<div class=\"elementor-widget-container\">\n\t\t\t\t\t\t\t<ul class=\"elementor-icon-list-items elementor-inline-items\">\n\t\t\t\t\t\t\t<li class=\"elementor-icon-list-item elementor-inline-item\">\n\t\t\t\t\t\t\t\t\t\t\t<span class=\"elementor-icon-list-icon\">\n\t\t\t\t\t\t\t<svg aria-hidden=\"true\" class=\"e-font-icon-svg e-fas-map-pin\" viewBox=\"0 0 288 512\" xmlns=\"http:\/\/www.w3.org\/2000\/svg\"><path d=\"M112 316.94v156.69l22.02 33.02c4.75 7.12 15.22 7.12 19.97 0L176 473.63V316.94c-10.39 1.92-21.06 3.06-32 3.06s-21.61-1.14-32-3.06zM144 0C64.47 0 0 64.47 0 144s64.47 144 144 144 144-64.47 144-144S223.53 0 144 0zm0 76c-37.5 0-68 30.5-68 68 0 6.62-5.38 12-12 12s-12-5.38-12-12c0-50.73 41.28-92 92-92 6.62 0 12 5.38 12 12s-5.38 12-12 12z\"><\/path><\/svg>\t\t\t\t\t\t<\/span>\n\t\t\t\t\t\t\t\t\t\t<span class=\"elementor-icon-list-text\">Ubicaci\u00f3n: Los \u00c1ngeles, CA<\/span>\n\t\t\t\t\t\t\t\t\t<\/li>\n\t\t\t\t\t\t\t\t<li class=\"elementor-icon-list-item elementor-inline-item\">\n\t\t\t\t\t\t\t\t\t\t\t<span class=\"elementor-icon-list-icon\">\n\t\t\t\t\t\t\t<svg aria-hidden=\"true\" class=\"e-font-icon-svg e-fas-suitcase\" viewBox=\"0 0 512 512\" xmlns=\"http:\/\/www.w3.org\/2000\/svg\"><path d=\"M128 480h256V80c0-26.5-21.5-48-48-48H176c-26.5 0-48 21.5-48 48v400zm64-384h128v32H192V96zm320 80v256c0 26.5-21.5 48-48 48h-48V128h48c26.5 0 48 21.5 48 48zM96 480H48c-26.5 0-48-21.5-48-48V176c0-26.5 21.5-48 48-48h48v352z\"><\/path><\/svg>\t\t\t\t\t\t<\/span>\n\t\t\t\t\t\t\t\t\t\t<span class=\"elementor-icon-list-text\">Jornada completa<\/span>\n\t\t\t\t\t\t\t\t\t<\/li>\n\t\t\t\t\t\t<\/ul>\n\t\t\t\t\t\t<\/div>\n\t\t\t\t<\/div>\n\t\t\t\t<div class=\"elementor-element elementor-element-33b9540b elementor-widget elementor-widget-heading\" data-id=\"33b9540b\" data-element_type=\"widget\" data-e-type=\"widget\" data-widget_type=\"heading.default\">\n\t\t\t\t<div class=\"elementor-widget-container\">\n\t\t\t\t\t<h2 class=\"elementor-heading-title elementor-size-default\">Responsabilidades clave:<\/h2>\t\t\t\t<\/div>\n\t\t\t\t<\/div>\n\t\t\t\t<div class=\"elementor-element elementor-element-b53b423 elementor-icon-list--layout-traditional elementor-list-item-link-full_width elementor-widget elementor-widget-icon-list\" data-id=\"b53b423\" data-element_type=\"widget\" data-e-type=\"widget\" data-widget_type=\"icon-list.default\">\n\t\t\t\t<div class=\"elementor-widget-container\">\n\t\t\t\t\t\t\t<ul class=\"elementor-icon-list-items\">\n\t\t\t\t\t\t\t<li class=\"elementor-icon-list-item\">\n\t\t\t\t\t\t\t\t\t\t\t<span class=\"elementor-icon-list-icon\">\n\t\t\t\t\t\t\t<i aria-hidden=\"true\" class=\"icon icon-check\"><\/i>\t\t\t\t\t\t<\/span>\n\t\t\t\t\t\t\t\t\t\t<span class=\"elementor-icon-list-text\"><b>Realizar<\/b> investigaciones jur\u00eddicas sobre diversos temas y casos legales.<\/span>\n\t\t\t\t\t\t\t\t\t<\/li>\n\t\t\t\t\t\t\t\t<li class=\"elementor-icon-list-item\">\n\t\t\t\t\t\t\t\t\t\t\t<span class=\"elementor-icon-list-icon\">\n\t\t\t\t\t\t\t<i aria-hidden=\"true\" class=\"icon icon-check\"><\/i>\t\t\t\t\t\t<\/span>\n\t\t\t\t\t\t\t\t\t\t<span class=\"elementor-icon-list-text\"><b>Redacta documentos legales,<\/b> incluidos alegatos, mociones, escritos, contratos y acuerdos.<\/span>\n\t\t\t\t\t\t\t\t\t<\/li>\n\t\t\t\t\t\t\t\t<li class=\"elementor-icon-list-item\">\n\t\t\t\t\t\t\t\t\t\t\t<span class=\"elementor-icon-list-icon\">\n\t\t\t\t\t\t\t<i aria-hidden=\"true\" class=\"icon icon-check\"><\/i>\t\t\t\t\t\t<\/span>\n\t\t\t\t\t\t\t\t\t\t<span class=\"elementor-icon-list-text\"><b>Representar<\/b> a clientes en tribunales o ante agencias gubernamentales.<\/span>\n\t\t\t\t\t\t\t\t\t<\/li>\n\t\t\t\t\t\t\t\t<li class=\"elementor-icon-list-item\">\n\t\t\t\t\t\t\t\t\t\t\t<span class=\"elementor-icon-list-icon\">\n\t\t\t\t\t\t\t<i aria-hidden=\"true\" class=\"icon icon-check\"><\/i>\t\t\t\t\t\t<\/span>\n\t\t\t\t\t\t\t\t\t\t<span class=\"elementor-icon-list-text\"><b>Brindar asesoramiento<\/b> legal a clientes sobre una amplia gama de asuntos legales.<\/span>\n\t\t\t\t\t\t\t\t\t<\/li>\n\t\t\t\t\t\t\t\t<li class=\"elementor-icon-list-item\">\n\t\t\t\t\t\t\t\t\t\t\t<span class=\"elementor-icon-list-icon\">\n\t\t\t\t\t\t\t<i aria-hidden=\"true\" class=\"icon icon-check\"><\/i>\t\t\t\t\t\t<\/span>\n\t\t\t\t\t\t\t\t\t\t<span class=\"elementor-icon-list-text\"><b>Negociar<\/b> acuerdos en nombre de los clientes<\/span>\n\t\t\t\t\t\t\t\t\t<\/li>\n\t\t\t\t\t\t\t\t<li class=\"elementor-icon-list-item\">\n\t\t\t\t\t\t\t\t\t\t\t<span class=\"elementor-icon-list-icon\">\n\t\t\t\t\t\t\t<i aria-hidden=\"true\" class=\"icon icon-check\"><\/i>\t\t\t\t\t\t<\/span>\n\t\t\t\t\t\t\t\t\t\t<span class=\"elementor-icon-list-text\"><b>Stay<\/b> <b>current<\/b> with changes in the law and attend legal education seminars. <\/span>\n\t\t\t\t\t\t\t\t\t<\/li>\n\t\t\t\t\t\t<\/ul>\n\t\t\t\t\t\t<\/div>\n\t\t\t\t<\/div>\n\t\t\t\t<div class=\"elementor-element elementor-element-2b50a377 elementor-widget elementor-widget-heading\" data-id=\"2b50a377\" data-element_type=\"widget\" data-e-type=\"widget\" data-widget_type=\"heading.default\">\n\t\t\t\t<div class=\"elementor-widget-container\">\n\t\t\t\t\t<h2 class=\"elementor-heading-title elementor-size-default\">Requisitos del puesto:<\/h2>\t\t\t\t<\/div>\n\t\t\t\t<\/div>\n\t\t\t\t<div class=\"elementor-element elementor-element-17779e2e elementor-widget elementor-widget-text-editor\" data-id=\"17779e2e\" data-element_type=\"widget\" data-e-type=\"widget\" data-widget_type=\"text-editor.default\">\n\t\t\t\t<div class=\"elementor-widget-container\">\n\t\t\t\t\t\t\t\t\t<ul><li><span style=\"font-weight: 400;\"><strong>Admitido<\/strong> para ejercer la abogac\u00eda en el estado.<\/span><\/li><li><span style=\"font-weight: 400;\"><strong>Competencia en herramientas<\/strong> de investigaci\u00f3n jur\u00eddica como Westlaw.<\/span><\/li><li><span style=\"font-weight: 400;\"><strong>Fuertes<\/strong> habilidades de negociaci\u00f3n<\/span><\/li><li><span style=\"font-weight: 400;\"><strong>Excelentes<\/strong> habilidades de comunicaci\u00f3n escrita y verbal.<\/span><\/li><li><span style=\"font-weight: 400;\"><strong>Capacidad para trabajar<\/strong> de forma independiente y en equipo.<\/span><\/li><\/ul><p><span style=\"font-weight: 400;\">Este puesto ofrece la oportunidad de trabajar en diversos asuntos legales y crecer profesionalmente en un entorno de apoyo.<\/span><\/p>\t\t\t\t\t\t\t\t<\/div>\n\t\t\t\t<\/div>\n\t\t\t\t<div class=\"elementor-element elementor-element-1eb453c9 elementor-widget elementor-widget-heading\" data-id=\"1eb453c9\" data-element_type=\"widget\" data-e-type=\"widget\" data-widget_type=\"heading.default\">\n\t\t\t\t<div class=\"elementor-widget-container\">\n\t\t\t\t\t<h2 class=\"elementor-heading-title elementor-size-default\">Educaci\u00f3n y experiencia<\/h2>\t\t\t\t<\/div>\n\t\t\t\t<\/div>\n\t\t\t\t<div class=\"elementor-element elementor-element-646cc87e elementor-icon-list--layout-traditional elementor-list-item-link-full_width elementor-widget elementor-widget-icon-list\" data-id=\"646cc87e\" data-element_type=\"widget\" data-e-type=\"widget\" data-widget_type=\"icon-list.default\">\n\t\t\t\t<div class=\"elementor-widget-container\">\n\t\t\t\t\t\t\t<ul class=\"elementor-icon-list-items\">\n\t\t\t\t\t\t\t<li class=\"elementor-icon-list-item\">\n\t\t\t\t\t\t\t\t\t\t\t<span class=\"elementor-icon-list-icon\">\n\t\t\t\t\t\t\t<i aria-hidden=\"true\" class=\"icon icon-check\"><\/i>\t\t\t\t\t\t<\/span>\n\t\t\t\t\t\t\t\t\t\t<span class=\"elementor-icon-list-text\"><b>T\u00edtulo de Juris Doctor (J.D.) <\/b> de una facultad de derecho acreditada. <\/span>\n\t\t\t\t\t\t\t\t\t<\/li>\n\t\t\t\t\t\t\t\t<li class=\"elementor-icon-list-item\">\n\t\t\t\t\t\t\t\t\t\t\t<span class=\"elementor-icon-list-icon\">\n\t\t\t\t\t\t\t<i aria-hidden=\"true\" class=\"icon icon-check\"><\/i>\t\t\t\t\t\t<\/span>\n\t\t\t\t\t\t\t\t\t\t<span class=\"elementor-icon-list-text\"><b>De 3 a 5 a\u00f1os<\/b> de experiencia en Derecho de Lesiones Personales o Derecho Laboral<\/span>\n\t\t\t\t\t\t\t\t\t<\/li>\n\t\t\t\t\t\t\t\t<li class=\"elementor-icon-list-item\">\n\t\t\t\t\t\t\t\t\t\t\t<span class=\"elementor-icon-list-icon\">\n\t\t\t\t\t\t\t<i aria-hidden=\"true\" class=\"icon icon-check\"><\/i>\t\t\t\t\t\t<\/span>\n\t\t\t\t\t\t\t\t\t\t<span class=\"elementor-icon-list-text\"><b>Rango salarial $145,000.00 - $165,000.00 por a\u00f1o<\/b><\/span>\n\t\t\t\t\t\t\t\t\t<\/li>\n\t\t\t\t\t\t<\/ul>\n\t\t\t\t\t\t<\/div>\n\t\t\t\t<\/div>\n\t\t\t\t<\/div>\n\t\t<div class=\"elementor-element elementor-element-31b4190c e-flex e-con-boxed e-con e-child\" data-id=\"31b4190c\" data-element_type=\"container\" data-e-type=\"container\" data-settings=\"{&quot;background_background&quot;:&quot;classic&quot;}\">\n\t\t\t\t\t<div class=\"e-con-inner\">\n\t\t<div class=\"elementor-element elementor-element-56fd9c8d e-con-full e-flex e-con e-child\" data-id=\"56fd9c8d\" data-element_type=\"container\" data-e-type=\"container\" data-settings=\"{&quot;background_background&quot;:&quot;classic&quot;}\">\n\t\t\t\t<div class=\"elementor-element elementor-element-7df2fb04 elementor-widget elementor-widget-heading\" data-id=\"7df2fb04\" data-element_type=\"widget\" data-e-type=\"widget\" data-widget_type=\"heading.default\">\n\t\t\t\t<div class=\"elementor-widget-container\">\n\t\t\t\t\t<h2 class=\"elementor-heading-title elementor-size-default\">Aplicar ahora<\/h2>\t\t\t\t<\/div>\n\t\t\t\t<\/div>\n\t\t\t\t<div class=\"elementor-element elementor-element-61cd342b elementor-widget elementor-widget-wpforms\" data-id=\"61cd342b\" data-element_type=\"widget\" data-e-type=\"widget\" data-widget_type=\"wpforms.default\">\n\t\t\t\t<div class=\"elementor-widget-container\">\n\t\t\t\t\t<style id=\"wpforms-css-vars-elementor-widget-61cd342b\">\n\t\t\t\t.elementor-widget-wpforms.elementor-element-61cd342b {\n\t\t\t\t--wpforms-button-background-color: #31724E;\n--wpforms-field-background-color: #FFFFFF;\n\t\t\t}\n\t\t\t<\/style><div class=\"wpforms-container wpforms-container-full wpforms-render-modern\" id=\"wpforms-983\"><form id=\"wpforms-form-983\" class=\"wpforms-validate wpforms-form wpforms-ajax-form\" data-formid=\"983\" method=\"post\" enctype=\"multipart\/form-data\" action=\"\/es\/wp-json\/wp\/v2\/pages\/2086?wpforms_form_id=983\" data-token=\"152386fd571b0af80fe323d79d51ac69\" data-token-time=\"1776707425\"><noscript class=\"wpforms-error-noscript\">Por favor, activa JavaScript en tu navegador para completar este formulario.<\/noscript><div id=\"wpforms-error-noscript\" style=\"display: none;\">Por favor, activa JavaScript en tu navegador para completar este formulario.<\/div><div class=\"wpforms-field-container\">\t\t<div id=\"wpforms-983-field_8-container\"\n\t\t\tclass=\"wpforms-field wpforms-field-text\"\n\t\t\tdata-field-type=\"text\"\n\t\t\tdata-field-id=\"8\"\n\t\t\t>\n\t\t\t<label class=\"wpforms-field-label\" for=\"wpforms-983-field_8\" >su electr\u00f3nico Correo<\/label>\n\t\t\t<input type=\"text\" id=\"wpforms-983-field_8\" class=\"wpforms-field-medium\" name=\"wpforms[fields][8]\" >\n\t\t<\/div>\n\t\t<div id=\"wpforms-983-field_1-container\" class=\"wpforms-field wpforms-field-layout\" data-field-id=\"1\"><div class=\"wpforms-field-layout-rows wpforms-field-large\"><div class=\"wpforms-layout-row\"><div class=\"wpforms-layout-column wpforms-layout-column-50\"><div id=\"wpforms-983-field_2-container\" class=\"wpforms-field wpforms-field-name\" data-field-id=\"2\"><label class=\"wpforms-field-label wpforms-label-hide\" for=\"wpforms-983-field_2\" aria-hidden=\"false\">Nombre <span class=\"wpforms-required-label\" aria-hidden=\"true\">*<\/span><\/label><input type=\"text\" id=\"wpforms-983-field_2\" class=\"wpforms-field-medium wpforms-field-required\" name=\"wpforms[fields][2]\" placeholder=\"Nombre\" aria-errormessage=\"wpforms-983-field_2-error\" required><\/div><\/div><div class=\"wpforms-layout-column wpforms-layout-column-50\"><div id=\"wpforms-983-field_3-container\" class=\"wpforms-field wpforms-field-phone\" data-field-id=\"3\"><label class=\"wpforms-field-label wpforms-label-hide\" for=\"wpforms-983-field_3\" aria-hidden=\"false\">Tel\u00e9fono <span class=\"wpforms-required-label\" aria-hidden=\"true\">*<\/span><\/label><input type=\"tel\" id=\"wpforms-983-field_3\" class=\"wpforms-field-medium wpforms-field-required wpforms-smart-phone-field\" data-rule-smart-phone-field=\"true\" name=\"wpforms[fields][3]\" placeholder=\"Tel\u00e9fono\" aria-label=\"Tel\u00e9fono\" aria-errormessage=\"wpforms-983-field_3-error\" required><\/div><\/div><\/div><div class=\"wpforms-layout-row\"><div class=\"wpforms-layout-column wpforms-layout-column-50\"><div id=\"wpforms-983-field_4-container\" class=\"wpforms-field wpforms-field-email\" data-field-id=\"4\"><label class=\"wpforms-field-label wpforms-label-hide\" for=\"wpforms-983-field_4\" aria-hidden=\"false\">Correo electr\u00f3nico <span class=\"wpforms-required-label\" aria-hidden=\"true\">*<\/span><\/label><input type=\"email\" id=\"wpforms-983-field_4\" class=\"wpforms-field-medium wpforms-field-required\" name=\"wpforms[fields][4]\" placeholder=\"Correo electr\u00f3nico\" spellcheck=\"false\" aria-errormessage=\"wpforms-983-field_4-error\" required><\/div><\/div><div class=\"wpforms-layout-column wpforms-layout-column-50\"><div id=\"wpforms-983-field_5-container\" class=\"wpforms-field wpforms-field-select wpforms-field-select-style-classic\" data-field-id=\"5\"><label class=\"wpforms-field-label wpforms-label-hide\" for=\"wpforms-983-field_5\" aria-hidden=\"false\">Puesto al que opta <span class=\"wpforms-required-label\" aria-hidden=\"true\">*<\/span><\/label><select id=\"wpforms-983-field_5\" class=\"wpforms-field-medium wpforms-field-required\" name=\"wpforms[fields][5]\" required=\"required\"><option value=\"\" class=\"placeholder\" disabled  selected='selected'>Puesto al que opta<\/option><option value=\"Abogado asociado - litigaci\u00f3n civil\"  class=\"choice-2 depth-1\"  >Abogado asociado - litigaci\u00f3n civil<\/option><option value=\"Abogado asociado - compensaci\u00f3n laboral\"  class=\"choice-3 depth-1\"  >Abogado asociado - compensaci\u00f3n laboral<\/option><option value=\"Abogado asociado - derecho laboral\"  class=\"choice-4 depth-1\"  >Abogado asociado - derecho laboral<\/option><option value=\"Asistente legal - derecho laboral\"  class=\"choice-5 depth-1\"  >Asistente legal - derecho laboral<\/option><option value=\"Asistente legal - da\u00f1os personales\"  class=\"choice-6 depth-1\"  >Asistente legal - da\u00f1os personales<\/option><option value=\"Asistente legal \/ Gestor de casos - compensaci\u00f3n laboral\"  class=\"choice-7 depth-1\"  >Asistente legal \/ Gestor de casos - compensaci\u00f3n laboral<\/option><option value=\"Auxiliar de oficina\"  class=\"choice-8 depth-1\"  >Auxiliar de oficina<\/option><option value=\"Pr\u00e1cticas\"  class=\"choice-9 depth-1\"  >Pr\u00e1cticas<\/option><\/select><\/div><\/div><\/div><\/div><\/div><div id=\"wpforms-983-field_6-container\" class=\"wpforms-field wpforms-field-file-upload\" data-field-id=\"6\"><label class=\"wpforms-field-label\" for=\"wpforms-983-field_6\">Suba su CV aqu\u00ed <span class=\"wpforms-required-label\" aria-hidden=\"true\">*<\/span><\/label><input type=\"file\" id=\"wpforms-983-field_6\" class=\"wpforms-field-required\" data-rule-extension=\"jpg,jpeg,jpe,gif,png,bmp,tiff,tif,webp,avif,ico,heic,heif,heics,heifs,asf,asx,wmv,wmx,wm,avi,divx,mov,qt,mpeg,mpg,mpe,mp4,m4v,ogv,webm,mkv,3gp,3gpp,3g2,3gp2,txt,asc,c,cc,h,srt,csv,tsv,ics,rtx,css,vtt,mp3,m4a,m4b,aac,ra,ram,wav,x-wav,ogg,oga,flac,mid,midi,wma,wax,mka,rtf,pdf,class,tar,zip,gz,gzip,rar,7z,psd,xcf,doc,pot,pps,ppt,wri,xla,xls,xlt,xlw,mpp,docx,docm,dotx,dotm,xlsx,xlsm,xlsb,xltx,xltm,xlam,pptx,pptm,ppsx,ppsm,potx,potm,ppam,sldx,sldm,onetoc,onetoc2,onepkg,oxps,xps,odt,odp,ods,odg,odc,odb,odf,wp,wpd,key,numbers,pages,json\" data-rule-maxsize=\"2097152\" name=\"wpforms_983_6\" accept=\".jpg,.jpeg,.jpe,.gif,.png,.bmp,.tiff,.tif,.webp,.avif,.ico,.heic,.heif,.heics,.heifs,.asf,.asx,.wmv,.wmx,.wm,.avi,.divx,.mov,.qt,.mpeg,.mpg,.mpe,.mp4,.m4v,.ogv,.webm,.mkv,.3gp,.3gpp,.3g2,.3gp2,.txt,.asc,.c,.cc,.h,.srt,.csv,.tsv,.ics,.rtx,.css,.vtt,.mp3,.m4a,.m4b,.aac,.ra,.ram,.wav,.x-wav,.ogg,.oga,.flac,.mid,.midi,.wma,.wax,.mka,.rtf,.pdf,.class,.tar,.zip,.gz,.gzip,.rar,.7z,.psd,.xcf,.doc,.pot,.pps,.ppt,.wri,.xla,.xls,.xlt,.xlw,.mpp,.docx,.docm,.dotx,.dotm,.xlsx,.xlsm,.xlsb,.xltx,.xltm,.xlam,.pptx,.pptm,.ppsx,.ppsm,.potx,.potm,.ppam,.sldx,.sldm,.onetoc,.onetoc2,.onepkg,.oxps,.xps,.odt,.odp,.ods,.odg,.odc,.odb,.odf,.wp,.wpd,.key,.numbers,.pages,.json\" aria-errormessage=\"wpforms-983-field_6-error\" required><\/div><div id=\"wpforms-983-field_7-container\" class=\"wpforms-field wpforms-field-textarea\" data-field-id=\"7\"><label class=\"wpforms-field-label wpforms-label-hide\" for=\"wpforms-983-field_7\" aria-hidden=\"false\">Mensaje<\/label><textarea id=\"wpforms-983-field_7\" class=\"wpforms-field-small\" name=\"wpforms[fields][7]\" placeholder=\"Mensaje\" aria-errormessage=\"wpforms-983-field_7-error\" ><\/textarea><\/div><script>\n\t\t\t\t( function() {\n\t\t\t\t\tconst style = document.createElement( 'style' );\n\t\t\t\t\tstyle.appendChild( document.createTextNode( '#wpforms-983-field_8-container { position: absolute !important; overflow: hidden !important; display: inline !important; height: 1px !important; width: 1px !important; z-index: -1000 !important; padding: 0 !important; } #wpforms-983-field_8-container input { visibility: hidden; } #wpforms-conversational-form-page #wpforms-983-field_8-container label { counter-increment: none; }' ) );\n\t\t\t\t\tdocument.head.appendChild( style );\n\t\t\t\t\tdocument.currentScript?.remove();\n\t\t\t\t} )();\n\t\t\t<\/script><\/div><!-- .wpforms-field-container --><div class=\"wpforms-submit-container\" ><input type=\"hidden\" name=\"wpforms[id]\" value=\"983\"><input type=\"hidden\" name=\"page_title\" value=\"\"><input type=\"hidden\" name=\"page_url\" value=\"https:\/\/www.lyfe.com\/es\/wp-json\/wp\/v2\/pages\/2086\"><input type=\"hidden\" name=\"url_referer\" value=\"\"><button type=\"submit\" name=\"wpforms[submit]\" id=\"wpforms-submit-983\" class=\"wpforms-submit\" data-alt-text=\"Enviando...\" data-submit-text=\"Enviar\" aria-live=\"assertive\" value=\"wpforms-submit\">Enviar<\/button><img decoding=\"async\" src=\"https:\/\/www.lyfe.com\/wp-content\/plugins\/wpforms\/assets\/images\/submit-spin.svg\" class=\"wpforms-submit-spinner\" style=\"display: none;\" width=\"26\" height=\"26\" alt=\"Cargando\"><\/div><\/form><\/div>  <!-- .wpforms-container -->\t\t\t\t<\/div>\n\t\t\t\t<\/div>\n\t\t\t\t<\/div>\n\t\t\t\t\t<\/div>\n\t\t\t\t<\/div>\n\t\t\t\t\t<\/div>\n\t\t\t\t<\/div>\n\t\t\t\t<\/div>\n\t\t","protected":false},"excerpt":{"rendered":"<p>Abogado asociado de lesiones personales Buscamos un abogado asociado dedicado para unirse a nuestro equipo legal. El candidato ideal tendr\u00e1 una s\u00f3lida formaci\u00f3n en diversas \u00e1reas del derecho y excelentes habilidades de investigaci\u00f3n, redacci\u00f3n y negociaci\u00f3n. Ubicaci\u00f3n: Los \u00c1ngeles, CA Jornada completa Responsabilidades clave: Realizar investigaciones jur\u00eddicas sobre diversos temas y casos legales. Redacta documentos [&hellip;]<\/p>\n","protected":false},"author":1,"featured_media":0,"parent":0,"menu_order":0,"comment_status":"closed","ping_status":"closed","template":"elementor_header_footer","meta":{"footnotes":""},"class_list":["post-2086","page","type-page","status-publish","hentry"],"_links":{"self":[{"href":"https:\/\/www.lyfe.com\/es\/wp-json\/wp\/v2\/pages\/2086","targetHints":{"allow":["GET"]}}],"collection":[{"href":"https:\/\/www.lyfe.com\/es\/wp-json\/wp\/v2\/pages"}],"about":[{"href":"https:\/\/www.lyfe.com\/es\/wp-json\/wp\/v2\/types\/page"}],"author":[{"embeddable":true,"href":"https:\/\/www.lyfe.com\/es\/wp-json\/wp\/v2\/users\/1"}],"replies":[{"embeddable":true,"href":"https:\/\/www.lyfe.com\/es\/wp-json\/wp\/v2\/comments?post=2086"}],"version-history":[{"count":0,"href":"https:\/\/www.lyfe.com\/es\/wp-json\/wp\/v2\/pages\/2086\/revisions"}],"wp:attachment":[{"href":"https:\/\/www.lyfe.com\/es\/wp-json\/wp\/v2\/media?parent=2086"}],"curies":[{"name":"wp","href":"https:\/\/api.w.org\/{rel}","templated":true}]}}