{"id":1847,"date":"2025-05-12T05:00:00","date_gmt":"2025-05-12T05:00:00","guid":{"rendered":"https:\/\/www.lyfe.com\/aplicacion-lyfelaw\/"},"modified":"2025-10-16T07:22:54","modified_gmt":"2025-10-16T07:22:54","slug":"aplicacion-lyfelaw","status":"publish","type":"page","link":"https:\/\/www.lyfe.com\/es\/aplicacion-lyfelaw\/","title":{"rendered":"Aplicaci\u00f3n LyfeLaw"},"content":{"rendered":"\t\t<div data-elementor-type=\"wp-page\" data-elementor-id=\"1847\" class=\"elementor elementor-1847 elementor-78\" data-elementor-post-type=\"page\">\n\t\t\t\t<div class=\"elementor-element elementor-element-9aeb3cf e-flex e-con-boxed e-con e-parent\" data-id=\"9aeb3cf\" data-element_type=\"container\" data-e-type=\"container\" data-settings=\"{&quot;background_background&quot;:&quot;classic&quot;}\">\n\t\t\t\t\t<div class=\"e-con-inner\">\n\t\t<div class=\"elementor-element elementor-element-19f1406 e-con-full e-flex e-con e-child\" data-id=\"19f1406\" data-element_type=\"container\" data-e-type=\"container\">\n\t\t<div class=\"elementor-element elementor-element-1e814b5 e-con-full e-flex e-con e-child\" data-id=\"1e814b5\" data-element_type=\"container\" data-e-type=\"container\">\n\t\t\t\t<div class=\"elementor-element elementor-element-88bdabf elementor-widget elementor-widget-image\" data-id=\"88bdabf\" data-element_type=\"widget\" data-e-type=\"widget\" data-widget_type=\"image.default\">\n\t\t\t\t<div class=\"elementor-widget-container\">\n\t\t\t\t\t\t\t\t\t\t\t\t\t\t\t<img fetchpriority=\"high\" decoding=\"async\" width=\"792\" height=\"1022\" src=\"https:\/\/www.lyfe.com\/wp-content\/uploads\/2025\/05\/lyfelaw-app-img.webp\" class=\"attachment-full size-full wp-image-1848\" alt=\"\" srcset=\"https:\/\/www.lyfe.com\/wp-content\/uploads\/2025\/05\/lyfelaw-app-img.webp 792w, https:\/\/www.lyfe.com\/wp-content\/uploads\/2025\/05\/lyfelaw-app-img-232x300.webp 232w, https:\/\/www.lyfe.com\/wp-content\/uploads\/2025\/05\/lyfelaw-app-img-768x991.webp 768w\" sizes=\"(max-width: 792px) 100vw, 792px\" \/>\t\t\t\t\t\t\t\t\t\t\t\t\t\t\t<\/div>\n\t\t\t\t<\/div>\n\t\t\t\t<\/div>\n\t\t<div class=\"elementor-element elementor-element-09aaf41 e-con-full e-flex e-con e-child\" data-id=\"09aaf41\" data-element_type=\"container\" data-e-type=\"container\">\n\t\t\t\t<div class=\"elementor-element elementor-element-4ee894d elementor-widget elementor-widget-heading\" data-id=\"4ee894d\" data-element_type=\"widget\" data-e-type=\"widget\" data-widget_type=\"heading.default\">\n\t\t\t\t<div class=\"elementor-widget-container\">\n\t\t\t\t\t<h1 class=\"elementor-heading-title elementor-size-default\">Descargue la aplicaci\u00f3n m\u00f3vil \nLyfe Law<\/h1>\t\t\t\t<\/div>\n\t\t\t\t<\/div>\n\t\t\t\t<div class=\"elementor-element elementor-element-f790b52 elementor-widget elementor-widget-heading\" data-id=\"f790b52\" data-element_type=\"widget\" data-e-type=\"widget\" data-widget_type=\"heading.default\">\n\t\t\t\t<div class=\"elementor-widget-container\">\n\t\t\t\t\t<h2 class=\"elementor-heading-title elementor-size-default\">Descargar el\nAplicaci\u00f3n m\u00f3vil Lyfe Law<\/h2>\t\t\t\t<\/div>\n\t\t\t\t<\/div>\n\t\t<div class=\"elementor-element elementor-element-66323f7 e-grid e-con-full e-con e-child\" data-id=\"66323f7\" data-element_type=\"container\" data-e-type=\"container\">\n\t\t\t\t<div class=\"elementor-element elementor-element-8bccf58 elementor-position-inline-start elementor-mobile-position-inline-start elementor-widget__width-initial elementor-view-default elementor-widget elementor-widget-icon-box\" data-id=\"8bccf58\" data-element_type=\"widget\" data-e-type=\"widget\" data-widget_type=\"icon-box.default\">\n\t\t\t\t<div class=\"elementor-widget-container\">\n\t\t\t\t\t\t\t<div class=\"elementor-icon-box-wrapper\">\n\n\t\t\t\t\t\t<div class=\"elementor-icon-box-icon\">\n\t\t\t\t<a href=\"https:\/\/apps.apple.com\/us\/app\/lyfe-law\/id6446041703\" class=\"elementor-icon\" tabindex=\"-1\" aria-label=\"Apple &gt;\">\n\t\t\t\t<svg xmlns=\"http:\/\/www.w3.org\/2000\/svg\" xmlns:xlink=\"http:\/\/www.w3.org\/1999\/xlink\" width=\"512\" height=\"512\" x=\"0\" y=\"0\" viewBox=\"0 0 512.003 512.003\" style=\"enable-background:new 0 0 512 512\" xml:space=\"preserve\">  <g fill=\"#5B98FD\">    <path d=\"M351.98 0c-27.296 1.888-59.2 19.36-77.792 42.112-16.96 20.64-30.912 51.296-25.472 81.088 29.824.928 60.64-16.96 78.496-40.096 16.704-21.536 29.344-52 24.768-83.104z\" fill=\"#000000\" opacity=\"1\" data-original=\"#000000\"><\/path>    <path d=\"M459.852 171.776c-26.208-32.864-63.04-51.936-97.824-51.936-45.92 0-65.344 21.984-97.248 21.984-32.896 0-57.888-21.92-97.6-21.92-39.008 0-80.544 23.84-106.88 64.608-37.024 57.408-30.688 165.344 29.312 257.28 21.472 32.896 50.144 69.888 87.648 70.208 33.376.32 42.784-21.408 88-21.632 45.216-.256 53.792 21.92 87.104 21.568 37.536-.288 67.776-41.28 89.248-74.176 15.392-23.584 21.12-35.456 33.056-62.08-86.816-33.056-100.736-156.512-14.816-203.904z\" fill=\"#000000\" opacity=\"1\" data-original=\"#000000\"><\/path>  <\/g><\/svg>\t\t\t\t<\/a>\n\t\t\t<\/div>\n\t\t\t\n\t\t\t\t\t\t<div class=\"elementor-icon-box-content\">\n\n\t\t\t\t\t\t\t\t\t<h3 class=\"elementor-icon-box-title\">\n\t\t\t\t\t\t<a href=\"https:\/\/apps.apple.com\/us\/app\/lyfe-law\/id6446041703\" >\n\t\t\t\t\t\t\tApple &gt;\t\t\t\t\t\t<\/a>\n\t\t\t\t\t<\/h3>\n\t\t\t\t\n\t\t\t\t\n\t\t\t<\/div>\n\t\t\t\n\t\t<\/div>\n\t\t\t\t\t\t<\/div>\n\t\t\t\t<\/div>\n\t\t\t\t<div class=\"elementor-element elementor-element-a401d4b elementor-position-inline-start elementor-mobile-position-inline-start elementor-widget__width-initial elementor-view-default elementor-widget elementor-widget-icon-box\" data-id=\"a401d4b\" data-element_type=\"widget\" data-e-type=\"widget\" data-widget_type=\"icon-box.default\">\n\t\t\t\t<div class=\"elementor-widget-container\">\n\t\t\t\t\t\t\t<div class=\"elementor-icon-box-wrapper\">\n\n\t\t\t\t\t\t<div class=\"elementor-icon-box-icon\">\n\t\t\t\t<a href=\"https:\/\/play.google.com\/store\/apps\/details?id=com.qixcloud.lyfelaw&#038;hl=en_US\" class=\"elementor-icon\" tabindex=\"-1\" aria-label=\"Google Play &gt;\">\n\t\t\t\t<svg xmlns=\"http:\/\/www.w3.org\/2000\/svg\" xmlns:xlink=\"http:\/\/www.w3.org\/1999\/xlink\" width=\"512\" height=\"512\" x=\"0\" y=\"0\" viewBox=\"0 0 511.999 511.999\" style=\"enable-background:new 0 0 512 512\" xml:space=\"preserve\">  <g fill=\"#5B98FD\">    <path d=\"M382.369 175.623A775951.446 775951.446 0 0 1 79.355 6.028C69.372-.565 57.886-1.429 47.962 1.93l254.05 254.05 80.357-80.357z\" style=\"\" fill=\"#32BBFF\" data-original=\"#32bbff\"><\/path>    <path d=\"M47.962 1.93c-1.86.63-3.67 1.39-5.401 2.308C31.602 10.166 23.549 21.573 23.549 36v439.96c0 14.427 8.052 25.834 19.012 31.761a36.954 36.954 0 0 0 5.395 2.314L302.012 255.98 47.962 1.93z\" style=\"\" fill=\"#32BBFF\" data-original=\"#32bbff\"><\/path>    <path d=\"M302.012 255.98 47.956 510.035c9.927 3.384 21.413 2.586 31.399-4.103 143.598-80.41 237.986-133.196 298.152-166.746l4.938-2.772-80.433-80.434z\" style=\"\" fill=\"#32BBFF\" data-original=\"#32bbff\"><\/path>    <path d=\"M23.549 255.98v219.98c0 14.427 8.052 25.834 19.012 31.761a36.954 36.954 0 0 0 5.395 2.314L302.012 255.98H23.549z\" style=\"\" fill=\"#2C9FD9\" data-original=\"#2c9fd9\"><\/path>    <path d=\"M79.355 6.028C67.5-1.8 53.52-1.577 42.561 4.239l255.595 255.596 84.212-84.212A786009.366 786009.366 0 0 1 79.355 6.028z\" style=\"\" fill=\"#29CC5E\" data-original=\"#29cc5e\"><\/path>    <path d=\"M298.158 252.126 42.561 507.721c10.96 5.815 24.939 6.151 36.794-1.789 143.598-80.41 237.986-133.196 298.152-166.746l4.938-2.772-84.287-84.288z\" style=\"\" fill=\"#D93F21\" data-original=\"#d93f21\"><\/path>    <path d=\"M488.45 255.98c0-12.19-6.151-24.492-18.342-31.314 0 0-22.799-12.721-92.682-51.809l-83.123 83.123 83.204 83.205c69.116-38.807 92.6-51.892 92.6-51.892 12.192-6.821 18.343-19.123 18.343-31.313z\" style=\"\" fill=\"#FFD500\" data-original=\"#ffd500\"><\/path>    <path d=\"M470.108 287.294c12.191-6.822 18.342-19.124 18.342-31.314H294.303l83.204 83.205c69.117-38.806 92.601-51.891 92.601-51.891z\" style=\"\" fill=\"#FFAA00\" data-original=\"#ffaa00\"><\/path>  <\/g><\/svg>\t\t\t\t<\/a>\n\t\t\t<\/div>\n\t\t\t\n\t\t\t\t\t\t<div class=\"elementor-icon-box-content\">\n\n\t\t\t\t\t\t\t\t\t<h3 class=\"elementor-icon-box-title\">\n\t\t\t\t\t\t<a href=\"https:\/\/play.google.com\/store\/apps\/details?id=com.qixcloud.lyfelaw&#038;hl=en_US\" >\n\t\t\t\t\t\t\tGoogle Play &gt;\t\t\t\t\t\t<\/a>\n\t\t\t\t\t<\/h3>\n\t\t\t\t\n\t\t\t\t\n\t\t\t<\/div>\n\t\t\t\n\t\t<\/div>\n\t\t\t\t\t\t<\/div>\n\t\t\t\t<\/div>\n\t\t\t\t<\/div>\n\t\t\t\t<\/div>\n\t\t\t\t<\/div>\n\t\t\t\t\t<\/div>\n\t\t\t\t<\/div>\n\t\t\t\t<\/div>\n\t\t","protected":false},"excerpt":{"rendered":"<p>Descargue la aplicaci\u00f3n m\u00f3vil Lyfe Law Descargar el Aplicaci\u00f3n m\u00f3vil Lyfe Law Apple &gt; Google Play &gt;<\/p>\n","protected":false},"author":1,"featured_media":0,"parent":0,"menu_order":0,"comment_status":"closed","ping_status":"closed","template":"elementor_header_footer","meta":{"footnotes":""},"class_list":["post-1847","page","type-page","status-publish","hentry"],"_links":{"self":[{"href":"https:\/\/www.lyfe.com\/es\/wp-json\/wp\/v2\/pages\/1847","targetHints":{"allow":["GET"]}}],"collection":[{"href":"https:\/\/www.lyfe.com\/es\/wp-json\/wp\/v2\/pages"}],"about":[{"href":"https:\/\/www.lyfe.com\/es\/wp-json\/wp\/v2\/types\/page"}],"author":[{"embeddable":true,"href":"https:\/\/www.lyfe.com\/es\/wp-json\/wp\/v2\/users\/1"}],"replies":[{"embeddable":true,"href":"https:\/\/www.lyfe.com\/es\/wp-json\/wp\/v2\/comments?post=1847"}],"version-history":[{"count":0,"href":"https:\/\/www.lyfe.com\/es\/wp-json\/wp\/v2\/pages\/1847\/revisions"}],"wp:attachment":[{"href":"https:\/\/www.lyfe.com\/es\/wp-json\/wp\/v2\/media?parent=1847"}],"curies":[{"name":"wp","href":"https:\/\/api.w.org\/{rel}","templated":true}]}}