{"id":1743,"date":"2025-05-12T04:40:58","date_gmt":"2025-05-12T04:40:58","guid":{"rendered":"https:\/\/www.lyfe.com\/politica-de-privacidad\/"},"modified":"2025-10-16T06:58:31","modified_gmt":"2025-10-16T06:58:31","slug":"politica-de-privacidad","status":"publish","type":"page","link":"https:\/\/www.lyfe.com\/es\/politica-de-privacidad\/","title":{"rendered":"Pol\u00edtica de privacidad"},"content":{"rendered":"\t\t<div data-elementor-type=\"wp-page\" data-elementor-id=\"1743\" class=\"elementor elementor-1743 elementor-16\" data-elementor-post-type=\"page\">\n\t\t\t\t<div class=\"elementor-element elementor-element-da8d0d3 e-flex e-con-boxed e-con e-parent\" data-id=\"da8d0d3\" data-element_type=\"container\" data-e-type=\"container\" data-settings=\"{&quot;background_background&quot;:&quot;gradient&quot;}\">\n\t\t\t\t\t<div class=\"e-con-inner\">\n\t\t\t\t<div class=\"elementor-element elementor-element-64f5832 elementor-widget elementor-widget-heading\" data-id=\"64f5832\" data-element_type=\"widget\" data-e-type=\"widget\" data-widget_type=\"heading.default\">\n\t\t\t\t<div class=\"elementor-widget-container\">\n\t\t\t\t\t<h1 class=\"elementor-heading-title elementor-size-default\">Pol\u00edtica de privacidad  <\/h1>\t\t\t\t<\/div>\n\t\t\t\t<\/div>\n\t\t\t\t\t<\/div>\n\t\t\t\t<\/div>\n\t\t<div class=\"elementor-element elementor-element-a0b8e43 e-flex e-con-boxed e-con e-parent\" data-id=\"a0b8e43\" data-element_type=\"container\" data-e-type=\"container\">\n\t\t\t\t\t<div class=\"e-con-inner\">\n\t\t\t\t<div class=\"elementor-element elementor-element-f095f17 elementor-widget elementor-widget-text-editor\" data-id=\"f095f17\" data-element_type=\"widget\" data-e-type=\"widget\" data-widget_type=\"text-editor.default\">\n\t\t\t\t<div class=\"elementor-widget-container\">\n\t\t\t\t\t\t\t\t\t<div class=\"elementor-element elementor-element-6e82ccc elementor-widget elementor-widget-text-editor\" data-id=\"6e82ccc\" data-element_type=\"widget\" data-widget_type=\"text-editor.default\"><div class=\"elementor-widget-container\"><p>Podemos recopilar informaci\u00f3n de identificaci\u00f3n personal de los Usuarios de diversas maneras, incluyendo, pero no limitado a, cuando los Usuarios visitan nuestro sitio, se suscriben al bolet\u00edn, rellenan un formulario y en relaci\u00f3n con otras actividades, servicios, caracter\u00edsticas o recursos que ponemos a su disposici\u00f3n en nuestro Sitio. Se puede pedir a los Usuarios, seg\u00fan corresponda, su nombre, direcci\u00f3n de correo electr\u00f3nico y n\u00famero de tel\u00e9fono. Sin embargo, los Usuarios pueden visitar nuestro Sitio de forma an\u00f3nima. Recopilaremos informaci\u00f3n de identificaci\u00f3n personal de los Usuarios solo si estos nos la env\u00edan voluntariamente. Los Usuarios siempre pueden negarse a proporcionar informaci\u00f3n de identificaci\u00f3n personal, excepto que esto puede impedirles participar en ciertas actividades relacionadas con el Sitio.    <\/p><\/div><\/div><div class=\"elementor-element elementor-element-64fec87 e-con-full e-flex e-con e-child\" data-id=\"64fec87\" data-element_type=\"container\"><div class=\"elementor-element elementor-element-78bb171 gilroy-cap elementor-widget elementor-widget-heading\" data-id=\"78bb171\" data-element_type=\"widget\" data-widget_type=\"heading.default\"><div class=\"elementor-widget-container\"><h2 class=\"elementor-heading-title elementor-size-default\">Informaci\u00f3n de identificaci\u00f3n no personal<\/h2><\/div><\/div><div class=\"elementor-element elementor-element-70b2810 elementor-widget elementor-widget-text-editor\" data-id=\"70b2810\" data-element_type=\"widget\" data-widget_type=\"text-editor.default\"><div class=\"elementor-widget-container\"><p>Podemos recopilar informaci\u00f3n de identificaci\u00f3n no personal sobre los Usuarios siempre que interact\u00faen con nuestro Sitio. La informaci\u00f3n de identificaci\u00f3n no personal puede incluir el nombre del navegador, el tipo de ordenador e informaci\u00f3n t\u00e9cnica sobre los medios de conexi\u00f3n de los Usuarios a nuestro Sitio, como el sistema operativo y los proveedores de servicios de Internet utilizados, as\u00ed como otra informaci\u00f3n similar. <\/p><\/div><\/div><\/div><div class=\"elementor-element elementor-element-7ba92e3 e-con-full e-flex e-con e-child\" data-id=\"7ba92e3\" data-element_type=\"container\"><div class=\"elementor-element elementor-element-f7f0f57 gilroy-cap elementor-widget elementor-widget-heading\" data-id=\"f7f0f57\" data-element_type=\"widget\" data-widget_type=\"heading.default\"><div class=\"elementor-widget-container\"><h2 class=\"elementor-heading-title elementor-size-default\">Cookies del navegador web<\/h2><\/div><\/div><div class=\"elementor-element elementor-element-96a9b03 elementor-widget elementor-widget-text-editor\" data-id=\"96a9b03\" data-element_type=\"widget\" data-widget_type=\"text-editor.default\"><div class=\"elementor-widget-container\"><p>Nuestro Sitio puede utilizar \u00abcookies\u00bb para mejorar la experiencia del Usuario. El navegador web de los Usuarios coloca cookies en su disco duro con fines de registro y, a veces, para rastrear informaci\u00f3n sobre ellos. Los Usuarios pueden elegir configurar su navegador web para que rechace las cookies o para que les avise cuando se env\u00edan cookies. Si lo hacen, tenga en cuenta que es posible que algunas partes del Sitio no funcionen correctamente.   <\/p><\/div><\/div><\/div><div class=\"elementor-element elementor-element-6b1469f e-con-full e-flex e-con e-child\" data-id=\"6b1469f\" data-element_type=\"container\"><div class=\"elementor-element elementor-element-1d7902e gilroy-cap elementor-widget elementor-widget-heading\" data-id=\"1d7902e\" data-element_type=\"widget\" data-widget_type=\"heading.default\"><div class=\"elementor-widget-container\"><h2 class=\"elementor-heading-title elementor-size-default\">C\u00f3mo utilizamos la informaci\u00f3n recopilada<\/h2><\/div><\/div><div class=\"elementor-element elementor-element-89a735f elementor-widget elementor-widget-text-editor\" data-id=\"89a735f\" data-element_type=\"widget\" data-widget_type=\"text-editor.default\"><div class=\"elementor-widget-container\"><p>Lyfe Law puede recopilar y utilizar la informaci\u00f3n personal de los Usuarios para los siguientes fines:<\/p><ul><li>Para mejorar el servicio de atenci\u00f3n al cliente<\/li><\/ul><p>La informaci\u00f3n que proporciona nos ayuda a responder a sus solicitudes de servicio de atenci\u00f3n al cliente y a sus necesidades de asistencia de forma m\u00e1s eficiente.<\/p><ul><li>Para personalizar la experiencia del usuario<\/li><\/ul><p>Podemos utilizar la informaci\u00f3n de forma agregada para comprender c\u00f3mo nuestros Usuarios, como grupo, utilizan los servicios y recursos proporcionados en nuestro Sitio.<\/p><ul><li>Para mejorar nuestro Sitio<\/li><\/ul><p>Podemos utilizar los comentarios que proporcione para mejorar nuestros productos y servicios.<\/p><ul><li>Para enviar correos electr\u00f3nicos promocionales<\/li><\/ul><p>Podemos utilizar la direcci\u00f3n de correo electr\u00f3nico para enviar a los Usuarios informaci\u00f3n y actualizaciones relativas a su pedido. Tambi\u00e9n puede utilizarse para responder a sus consultas, preguntas y\/u otras solicitudes. Si el Usuario decide suscribirse a nuestra lista de correo, recibir\u00e1 correos electr\u00f3nicos que pueden incluir noticias de la empresa, actualizaciones, informaci\u00f3n relacionada con productos o servicios, etc. Si en alg\u00fan momento el Usuario desea darse de baja para no recibir correos electr\u00f3nicos en el futuro, incluimos instrucciones detalladas para darse de baja en la parte inferior de cada correo electr\u00f3nico o el Usuario puede ponerse en contacto con nosotros a trav\u00e9s de nuestro Sitio.   <\/p><\/div><\/div><\/div><div class=\"elementor-element elementor-element-9e7cc0f e-con-full e-flex e-con e-child\" data-id=\"9e7cc0f\" data-element_type=\"container\"><div class=\"elementor-element elementor-element-04dd5fe gilroy-cap elementor-widget elementor-widget-heading\" data-id=\"04dd5fe\" data-element_type=\"widget\" data-widget_type=\"heading.default\"><div class=\"elementor-widget-container\"><h2 class=\"elementor-heading-title elementor-size-default\">C\u00f3mo protegemos su informaci\u00f3n<\/h2><\/div><\/div><div class=\"elementor-element elementor-element-c0794ab elementor-widget elementor-widget-text-editor\" data-id=\"c0794ab\" data-element_type=\"widget\" data-widget_type=\"text-editor.default\"><div class=\"elementor-widget-container\"><p>Adoptamos pr\u00e1cticas adecuadas de recopilaci\u00f3n, almacenamiento y procesamiento de datos y medidas de seguridad para proteger contra el acceso no autorizado, la alteraci\u00f3n, la divulgaci\u00f3n o la destrucci\u00f3n de su informaci\u00f3n personal, nombre de usuario, contrase\u00f1a, informaci\u00f3n de transacciones y datos almacenados en nuestro Sitio.<\/p><\/div><\/div><\/div><div class=\"elementor-element elementor-element-6aff490 e-con-full e-flex e-con e-child\" data-id=\"6aff490\" data-element_type=\"container\"><div class=\"elementor-element elementor-element-dc542f3 gilroy-cap elementor-widget elementor-widget-heading\" data-id=\"dc542f3\" data-element_type=\"widget\" data-widget_type=\"heading.default\"><div class=\"elementor-widget-container\"><h2 class=\"elementor-heading-title elementor-size-default\">Compartir su informaci\u00f3n personal<\/h2><\/div><\/div><div class=\"elementor-element elementor-element-d9edded elementor-widget elementor-widget-text-editor\" data-id=\"d9edded\" data-element_type=\"widget\" data-widget_type=\"text-editor.default\"><div class=\"elementor-widget-container\"><p>No vendemos, comercializamos ni alquilamos la informaci\u00f3n de identificaci\u00f3n personal de los Usuarios a terceros. Podemos compartir informaci\u00f3n demogr\u00e1fica agregada gen\u00e9rica no vinculada a ninguna informaci\u00f3n de identificaci\u00f3n personal con nuestros socios comerciales, afiliados de confianza y anunciantes para los fines descritos anteriormente. Podemos utilizar proveedores de servicios externos para que nos ayuden a operar nuestro negocio y el Sitio o a administrar actividades en nuestro nombre, como el env\u00edo de boletines o encuestas. Podemos compartir su informaci\u00f3n con estos terceros para esos fines limitados, siempre que nos haya dado su permiso.   <\/p><\/div><\/div><\/div><div class=\"elementor-element elementor-element-99fdc70 e-con-full e-flex e-con e-child\" data-id=\"99fdc70\" data-element_type=\"container\"><div class=\"elementor-element elementor-element-fbeafd4 gilroy-cap elementor-widget elementor-widget-heading\" data-id=\"fbeafd4\" data-element_type=\"widget\" data-widget_type=\"heading.default\"><div class=\"elementor-widget-container\"><h2 class=\"elementor-heading-title elementor-size-default\">Sitios web de terceros<\/h2><\/div><\/div><div class=\"elementor-element elementor-element-e5458b0 elementor-widget elementor-widget-text-editor\" data-id=\"e5458b0\" data-element_type=\"widget\" data-widget_type=\"text-editor.default\"><div class=\"elementor-widget-container\"><p>Los Usuarios pueden encontrar publicidad u otro contenido en nuestro Sitio que enlace con los sitios y servicios de nuestros socios, proveedores, anunciantes, patrocinadores, licenciantes y otros terceros. No controlamos el contenido o los enlaces que aparecen en estos sitios y no somos responsables de las pr\u00e1cticas empleadas por los sitios web enlazados a o desde nuestro Sitio. Adem\u00e1s, estos sitios o servicios, incluyendo su contenido y enlaces, pueden cambiar constantemente. Estos sitios y servicios pueden tener sus propias pol\u00edticas de privacidad y pol\u00edticas de servicio al cliente. La navegaci\u00f3n e interacci\u00f3n en cualquier otro sitio web, incluyendo los sitios web que tienen un enlace a nuestro Sitio, est\u00e1 sujeta a los propios t\u00e9rminos y pol\u00edticas de ese sitio web.    <\/p><p>Nuestro sitio utiliza un servicio de terceros para hacer coincidir las cookies del navegador con su direcci\u00f3n postal. A continuaci\u00f3n, utilizamos otra empresa para enviar ofertas especiales por correo en nuestro nombre. Nuestra empresa nunca recibe ni almacena ninguna de esta informaci\u00f3n y nuestros terceros no proporcionan ni venden esta informaci\u00f3n a ninguna otra empresa o servicio. Para optar por no recibir nuestro correo directo, puede enviarnos un correo electr\u00f3nico a <g id=\"gid_0\">marketing@lyfe.com<\/g>, o enviar una solicitud por escrito a 864 S. Robertson Blvd. 3rd Floor, Los Angeles, CA. 90035, tenga en cuenta que pueden pasar 7 d\u00edas hasta que finalicen dichos env\u00edos.    <\/p><\/div><\/div><\/div><div class=\"elementor-element elementor-element-3076e5a e-con-full e-flex e-con e-child\" data-id=\"3076e5a\" data-element_type=\"container\"><div class=\"elementor-element elementor-element-ec080db gilroy-cap elementor-widget elementor-widget-heading\" data-id=\"ec080db\" data-element_type=\"widget\" data-widget_type=\"heading.default\"><div class=\"elementor-widget-container\"><h2 class=\"elementor-heading-title elementor-size-default\">Cambios en esta pol\u00edtica de privacidad<\/h2><\/div><\/div><div class=\"elementor-element elementor-element-c2992e3 elementor-widget elementor-widget-text-editor\" data-id=\"c2992e3\" data-element_type=\"widget\" data-widget_type=\"text-editor.default\"><div class=\"elementor-widget-container\"><p>Lyfe Law tiene la discreci\u00f3n de actualizar esta pol\u00edtica de privacidad en cualquier momento. Cuando lo hagamos, publicaremos una notificaci\u00f3n en la p\u00e1gina principal de nuestro Sitio y le enviaremos un correo electr\u00f3nico. Animamos a los Usuarios a que consulten con frecuencia esta p\u00e1gina para comprobar si hay cambios y mantenerse informados sobre c\u00f3mo estamos ayudando a proteger la informaci\u00f3n personal que recopilamos. Usted reconoce y acepta que es su responsabilidad revisar esta pol\u00edtica de privacidad peri\u00f3dicamente y tomar conciencia de las modificaciones.   <\/p><\/div><\/div><\/div><div class=\"elementor-element elementor-element-f89c886 e-con-full e-flex e-con e-child\" data-id=\"f89c886\" data-element_type=\"container\"><div class=\"elementor-element elementor-element-b12e388 elementor-widget elementor-widget-heading\" data-id=\"b12e388\" data-element_type=\"widget\" data-widget_type=\"heading.default\"><div class=\"elementor-widget-container\"><h2 class=\"elementor-heading-title elementor-size-default\">Su aceptaci\u00f3n de estos t\u00e9rminos<\/h2><\/div><\/div><div class=\"elementor-element elementor-element-46aa5c1 elementor-widget elementor-widget-text-editor\" data-id=\"46aa5c1\" data-element_type=\"widget\" data-widget_type=\"text-editor.default\"><div class=\"elementor-widget-container\"><p>Al utilizar este Sitio, usted manifiesta su aceptaci\u00f3n de esta pol\u00edtica y de las condiciones de servicio. Si no est\u00e1 de acuerdo con esta pol\u00edtica, por favor, no utilice nuestro Sitio. Su uso continuado del Sitio tras la publicaci\u00f3n de cambios en esta pol\u00edtica se considerar\u00e1 su aceptaci\u00f3n de dichos cambios.  <\/p><\/div><\/div><\/div><div class=\"elementor-element elementor-element-4e33a85 e-con-full e-flex e-con e-child\" data-id=\"4e33a85\" data-element_type=\"container\"><div class=\"elementor-element elementor-element-c7f98b5 gilroy-cap elementor-widget elementor-widget-heading\" data-id=\"c7f98b5\" data-element_type=\"widget\" data-widget_type=\"heading.default\"><div class=\"elementor-widget-container\"><h2 class=\"elementor-heading-title elementor-size-default\">Contactar con nosotros<\/h2><\/div><\/div><div class=\"elementor-element elementor-element-93f4303 elementor-widget elementor-widget-text-editor\" data-id=\"93f4303\" data-element_type=\"widget\" data-widget_type=\"text-editor.default\"><div class=\"elementor-widget-container\"><p>Si tiene alguna pregunta sobre esta Pol\u00edtica de Privacidad, las pr\u00e1cticas de este sitio o sus relaciones con este sitio, p\u00f3ngase en contacto con nosotros en:<\/p><p><span style=\"color: #000000;\">\n  <a style=\"color: #000000;\" href=\"tel:8005933529\">1-800-LYFE-LAW<\/a>\n<\/span><br><span style=\"color: #000000;\">\n  <a style=\"color: #000000;\" href=\"mailto:info@lyfe.com\">info@lyfe.com<\/a>\n<\/span><\/p><\/div><\/div><\/div>\t\t\t\t\t\t\t\t<\/div>\n\t\t\t\t<\/div>\n\t\t\t\t\t<\/div>\n\t\t\t\t<\/div>\n\t\t\t\t<\/div>\n\t\t","protected":false},"excerpt":{"rendered":"<p>Pol\u00edtica de privacidad Podemos recopilar informaci\u00f3n de identificaci\u00f3n personal de los Usuarios de diversas maneras, incluyendo, pero no limitado a, cuando los Usuarios visitan nuestro sitio, se suscriben al bolet\u00edn, rellenan un formulario y en relaci\u00f3n con otras actividades, servicios, caracter\u00edsticas o recursos que ponemos a su disposici\u00f3n en nuestro Sitio. Se puede pedir a [&hellip;]<\/p>\n","protected":false},"author":1,"featured_media":0,"parent":0,"menu_order":0,"comment_status":"closed","ping_status":"closed","template":"elementor_header_footer","meta":{"footnotes":""},"class_list":["post-1743","page","type-page","status-publish","hentry"],"_links":{"self":[{"href":"https:\/\/www.lyfe.com\/es\/wp-json\/wp\/v2\/pages\/1743","targetHints":{"allow":["GET"]}}],"collection":[{"href":"https:\/\/www.lyfe.com\/es\/wp-json\/wp\/v2\/pages"}],"about":[{"href":"https:\/\/www.lyfe.com\/es\/wp-json\/wp\/v2\/types\/page"}],"author":[{"embeddable":true,"href":"https:\/\/www.lyfe.com\/es\/wp-json\/wp\/v2\/users\/1"}],"replies":[{"embeddable":true,"href":"https:\/\/www.lyfe.com\/es\/wp-json\/wp\/v2\/comments?post=1743"}],"version-history":[{"count":0,"href":"https:\/\/www.lyfe.com\/es\/wp-json\/wp\/v2\/pages\/1743\/revisions"}],"wp:attachment":[{"href":"https:\/\/www.lyfe.com\/es\/wp-json\/wp\/v2\/media?parent=1743"}],"curies":[{"name":"wp","href":"https:\/\/api.w.org\/{rel}","templated":true}]}}